{"id":27,"date":"2016-08-03T13:34:41","date_gmt":"2016-08-03T10:34:41","guid":{"rendered":"http:\/\/estfood.ee\/?page_id=27"},"modified":"2016-08-03T13:34:41","modified_gmt":"2016-08-03T10:34:41","slug":"ota-yhteytta","status":"publish","type":"page","link":"https:\/\/estfood.ee\/?page_id=27","title":{"rendered":"OTA YHTEYTT\u00c4"},"content":{"rendered":"<table style=\"width: 100%;\" border=\"0\" cellspacing=\"1\" cellpadding=\"1\" align=\"center\">\n<tbody>\n<tr>\n<td style=\"vertical-align: top; width: 150px;\"><\/td>\n<td style=\"vertical-align: top;\">\n<h2>EST FOOD O\u00dc<\/h2>\n<div>Reg 12376331<\/div>\n<div>KMKR EE101588573<br \/>\nPeterburi tee 46<\/div>\n<p>P.O box. 514<br \/>\nTallinn 11415<br \/>\nEstonia<br \/>\nTel: +372 56 46 5008; +372 56 27 3004<br \/>\nFax: +372 6 139\u00a0700<br \/>\nE-mail:\u00a0<a href=\"mailto:tellimine@estfood.ee\">tellimine@estfood.ee<\/a><\/p>\n<div>Aire Martsepp<\/div>\n<div>Raamatupidaja<\/div>\n<div>Tel: +372 56 63 3966<\/div>\n<div>Email: <a href=\"mailto:airemartsepp@gmail.com\">airemartsepp@gmail.com<\/a><\/div>\n<h2><\/h2>\n<h2><\/h2>\n<\/td>\n<td style=\"vertical-align: top;\">\n<h2>M\u00dc\u00dcGIOSAKOND<\/h2>\n<p>J\u00fcri Tuulik<br \/>\nHoReCa m\u00fc\u00fcgijuht<br \/>\nTel: +372 56 840 078<br \/>\nEmail:\u00a0<a href=\"mailto:tellimine@estfood.ee\">tellimine@estfood.ee<\/a><\/p>\n<div>Joel Meringo<\/div>\n<div>Tel: +372 56 46 5008<br \/>\nE-mail:\u00a0<a href=\"mailto:joel@estfood.ee\">joel@estfood.ee<\/a><\/div>\n<\/td>\n<td style=\"vertical-align: top; width: 150px;\"><\/td>\n<\/tr>\n<\/tbody>\n<\/table>\n<p>&nbsp;<\/p>\n","protected":false},"excerpt":{"rendered":"<p>EST FOOD O\u00dc Reg 12376331 KMKR EE101588573 Peterburi tee 46 P.O box. 514 Tallinn 11415 Estonia Tel: +372 56 46 5008; +372 56 27 3004 Fax: +372 6 139\u00a0700 E-mail:\u00a0tellimine@estfood.ee Aire Martsepp Raamatupidaja Tel: +372 56 63 3966 Email: airemartsepp@gmail.com M\u00dc\u00dcGIOSAKOND J\u00fcri Tuulik HoReCa m\u00fc\u00fcgijuht Tel: +372 56 840 078 Email:\u00a0tellimine@estfood.ee Joel Meringo Tel: +372 [&hellip;]<\/p>\n","protected":false},"author":1,"featured_media":0,"parent":0,"menu_order":0,"comment_status":"closed","ping_status":"closed","template":"","meta":{"footnotes":""},"class_list":["post-27","page","type-page","status-publish","hentry"],"_links":{"self":[{"href":"https:\/\/estfood.ee\/index.php?rest_route=\/wp\/v2\/pages\/27","targetHints":{"allow":["GET"]}}],"collection":[{"href":"https:\/\/estfood.ee\/index.php?rest_route=\/wp\/v2\/pages"}],"about":[{"href":"https:\/\/estfood.ee\/index.php?rest_route=\/wp\/v2\/types\/page"}],"author":[{"embeddable":true,"href":"https:\/\/estfood.ee\/index.php?rest_route=\/wp\/v2\/users\/1"}],"replies":[{"embeddable":true,"href":"https:\/\/estfood.ee\/index.php?rest_route=%2Fwp%2Fv2%2Fcomments&post=27"}],"version-history":[{"count":1,"href":"https:\/\/estfood.ee\/index.php?rest_route=\/wp\/v2\/pages\/27\/revisions"}],"predecessor-version":[{"id":28,"href":"https:\/\/estfood.ee\/index.php?rest_route=\/wp\/v2\/pages\/27\/revisions\/28"}],"wp:attachment":[{"href":"https:\/\/estfood.ee\/index.php?rest_route=%2Fwp%2Fv2%2Fmedia&parent=27"}],"curies":[{"name":"wp","href":"https:\/\/api.w.org\/{rel}","templated":true}]}}