{"id":163,"date":"2016-08-03T20:57:36","date_gmt":"2016-08-03T17:57:36","guid":{"rendered":"http:\/\/estfood.ee\/?post_type=product&#038;p=163"},"modified":"2016-08-03T20:57:36","modified_gmt":"2016-08-03T17:57:36","slug":"poldpuufilee-1kgpakk","status":"publish","type":"product","link":"https:\/\/estfood.ee\/?product=poldpuufilee-1kgpakk","title":{"rendered":"P\u00d5LDP\u00dc\u00dcFILEE, 1KG\/PAKK"},"content":{"rendered":"","protected":false},"excerpt":{"rendered":"","protected":false},"featured_media":0,"comment_status":"closed","ping_status":"closed","template":"","meta":[],"product_brand":[],"product_cat":[45],"product_tag":[],"class_list":{"0":"post-163","1":"product","2":"type-product","3":"status-publish","5":"product_cat-kulmutatud-linnuliha","7":"first","8":"instock","9":"taxable","10":"shipping-taxable","11":"product-type-simple"},"_links":{"self":[{"href":"https:\/\/estfood.ee\/index.php?rest_route=\/wp\/v2\/product\/163","targetHints":{"allow":["GET"]}}],"collection":[{"href":"https:\/\/estfood.ee\/index.php?rest_route=\/wp\/v2\/product"}],"about":[{"href":"https:\/\/estfood.ee\/index.php?rest_route=\/wp\/v2\/types\/product"}],"replies":[{"embeddable":true,"href":"https:\/\/estfood.ee\/index.php?rest_route=%2Fwp%2Fv2%2Fcomments&post=163"}],"wp:attachment":[{"href":"https:\/\/estfood.ee\/index.php?rest_route=%2Fwp%2Fv2%2Fmedia&parent=163"}],"wp:term":[{"taxonomy":"product_brand","embeddable":true,"href":"https:\/\/estfood.ee\/index.php?rest_route=%2Fwp%2Fv2%2Fproduct_brand&post=163"},{"taxonomy":"product_cat","embeddable":true,"href":"https:\/\/estfood.ee\/index.php?rest_route=%2Fwp%2Fv2%2Fproduct_cat&post=163"},{"taxonomy":"product_tag","embeddable":true,"href":"https:\/\/estfood.ee\/index.php?rest_route=%2Fwp%2Fv2%2Fproduct_tag&post=163"}],"curies":[{"name":"wp","href":"https:\/\/api.w.org\/{rel}","templated":true}]}}